{"id":8878,"date":"2019-09-25T07:05:57","date_gmt":"2019-09-25T07:05:57","guid":{"rendered":"https:\/\/lafragata.visitestepona.eu\/preguntas-frecuentes\/"},"modified":"2024-05-18T14:19:44","modified_gmt":"2024-05-18T14:19:44","slug":"preguntas-frecuentes","status":"publish","type":"page","link":"https:\/\/lafragata.visitestepona.eu\/es\/preguntas-frecuentes\/","title":{"rendered":"Preguntas frecuentes"},"content":{"rendered":"\n<p>\u00bfQuieres saber m\u00e1s sobre Estepona, VisitEstepona, o tienes alguna aportaci\u00f3n para la web? H\u00e1ganoslo saber. Trabajamos con cualquier persona que tenga o quiera tener relaci\u00f3n con Estepona. \u00a1Encantado si te pones en contacto! Env\u00edelo a <a href=\"mailto:hello@visitestepona.eu\">hello@visitestepona.eu<\/a><\/p>\n\n<p>Condiciones de alquiler La Fragata Estepona<\/p>\n\n<h3 class=\"wp-block-heading\"><strong>Condiciones de alquiler<\/strong><\/h3>\n\n<ul class=\"wp-block-list\">\n<li>S\u00f3lo aceptamos reservas de personas mayores de 30 a\u00f1os.<\/li>\n\n\n\n<li>Tras la reserva, recibir\u00e1 nuestra confirmaci\u00f3n y las condiciones generales de alquiler en un plazo de 5 d\u00edas. Compruebe la exactitud de estos documentos y notif\u00edquenos inmediatamente cualquier inexactitud. Si no ha recibido confirmaci\u00f3n de recepci\u00f3n por nuestra parte en un plazo de 10 d\u00edas desde la realizaci\u00f3n de la reserva, p\u00f3ngase en contacto con nosotros inmediatamente; de lo contrario, la reserva no podr\u00e1 ejecutarse.<\/li>\n\n\n\n<li>Se establece un contrato entre usted y nosotros cuando le confirmamos la reserva. El acuerdo se refiere al alquiler de la casa de vacaciones para uso recreativo, que por su naturaleza es de corta duraci\u00f3n.<\/li>\n<\/ul>\n\n<p><strong>Anulaci\u00f3n<\/strong><\/p>\n\n<p><strong>La cancelaci\u00f3n por parte del inquilino debe hacerse siempre por escrito (por correo postal o electr\u00f3nico). Para ello, se aplican las siguientes normas:<\/strong><\/p>\n\n<ul class=\"wp-block-list\">\n<li>Los dep\u00f3sitos no se devolver\u00e1n en caso de cancelaci\u00f3n.<\/li>\n\n\n\n<li>Si se cancela hasta 42 d\u00edas antes del d\u00eda de llegada, se cargar\u00e1 el 25% del alquiler.<\/li>\n\n\n\n<li>Si se cancela hasta 28 d\u00edas antes del d\u00eda de llegada, se cobrar\u00e1 el 50% del alquiler.<\/li>\n\n\n\n<li>En caso de cancelaci\u00f3n a partir de 28 d\u00edas hasta el d\u00eda de llegada, se deber\u00e1 abonar el 100% del alquiler.<\/li>\n\n\n\n<li>Si no se presenta en un plazo de 24 horas a partir de la fecha acordada sin previo aviso, se considerar\u00e1 una cancelaci\u00f3n y se deber\u00e1 abonar el 100% del importe del alquiler.<\/li>\n\n\n\n<li>En caso de cancelaci\u00f3n por nuestra parte, se reembolsar\u00e1n las cantidades ya abonadas.<\/li>\n<\/ul>\n\n<p><strong>Estancia en la casa de vacaciones<\/strong><\/p>\n\n<ul class=\"wp-block-list\">\n<li>El d\u00eda de llegada, en principio, podr\u00e1 utilizar la casa de vacaciones a partir de las 16:00 horas. El d\u00eda de salida, deber\u00e1 haber abandonado la casa de vacaciones antes de las 11:00 horas.<\/li>\n\n\n\n<li>La casa de vacaciones es para no fumadores. Se permite fumar fuera, en la terraza, siempre que se utilice un cenicero.<\/li>\n\n\n\n<li>No se debe utilizar fuego abierto en el exterior.<\/li>\n\n\n\n<li>No est\u00e1 permitido traer animales de compa\u00f1\u00eda.<\/li>\n\n\n\n<li>En la piscina hay un cartel con las normas comunitarias de uso de la piscina comunitaria.<\/li>\n\n\n\n<li>Las principales normas de la piscina son :  <br\/>abierto entre las 09.00 y las 21.00 horas, no se permiten vasos ni comida junto a la piscina. Tumbonas no reservadas.<\/li>\n\n\n\n<li>El precio del alquiler no incluye la limpieza final (se paga al encargado de llaves a la llegada).<\/li>\n\n\n\n<li>El precio del alquiler incluye toallas, pa\u00f1os de cocina y ropa de cama.<\/li>\n\n\n\n<li>El uso de aire acondicionado, agua y electricidad est\u00e1 incluido, pero te pedimos que los utilices con moderaci\u00f3n.<\/li>\n\n\n\n<li>Queda expresamente prohibido subarrendar o realquilar.<\/li>\n\n\n\n<li>Queda expresamente prohibido alojar en una casa de vacaciones a m\u00e1s personas de las acordadas en la reserva, o a m\u00e1s del m\u00e1ximo aplicable de 6 personas para la casa de vacaciones, sin nuestro consentimiento, a menos que se acuerde lo contrario por escrito. Esto puede dar lugar a la rescisi\u00f3n anticipada del contrato de alquiler por nuestra parte, sin reembolso de las tasas de alquiler.<\/li>\n\n\n\n<li>Queda expresamente prohibido mover sof\u00e1s, armarios, as\u00ed como equipos de sonido o televisi\u00f3n, o llevarse cualquier parte del inventario interior -excepto, por supuesto, la vajilla, los vasos y los cubiertos para su comida fuera-.<\/li>\n<\/ul>\n","protected":false},"excerpt":{"rendered":"<p>\u00bfQuieres saber m\u00e1s sobre Estepona, VisitEstepona, o tienes alguna aportaci\u00f3n para la web? H\u00e1ganoslo saber. Trabajamos con cualquier persona que tenga o quiera tener relaci\u00f3n con Estepona. \u00a1Encantado si te pones en contacto! Env\u00edelo a hello@visitestepona.eu Condiciones de alquiler La Fragata Estepona Condiciones de alquiler Anulaci\u00f3n La cancelaci\u00f3n por parte del inquilino debe hacerse siempre [&hellip;]<\/p>\n","protected":false},"author":1,"featured_media":0,"parent":0,"menu_order":0,"comment_status":"closed","ping_status":"closed","template":"","meta":{"inline_featured_image":false,"footnotes":""},"class_list":["post-8878","page","type-page","status-publish","hentry"],"_links":{"self":[{"href":"https:\/\/lafragata.visitestepona.eu\/es\/wp-json\/wp\/v2\/pages\/8878","targetHints":{"allow":["GET"]}}],"collection":[{"href":"https:\/\/lafragata.visitestepona.eu\/es\/wp-json\/wp\/v2\/pages"}],"about":[{"href":"https:\/\/lafragata.visitestepona.eu\/es\/wp-json\/wp\/v2\/types\/page"}],"author":[{"embeddable":true,"href":"https:\/\/lafragata.visitestepona.eu\/es\/wp-json\/wp\/v2\/users\/1"}],"replies":[{"embeddable":true,"href":"https:\/\/lafragata.visitestepona.eu\/es\/wp-json\/wp\/v2\/comments?post=8878"}],"version-history":[{"count":3,"href":"https:\/\/lafragata.visitestepona.eu\/es\/wp-json\/wp\/v2\/pages\/8878\/revisions"}],"predecessor-version":[{"id":9513,"href":"https:\/\/lafragata.visitestepona.eu\/es\/wp-json\/wp\/v2\/pages\/8878\/revisions\/9513"}],"wp:attachment":[{"href":"https:\/\/lafragata.visitestepona.eu\/es\/wp-json\/wp\/v2\/media?parent=8878"}],"curies":[{"name":"wp","href":"https:\/\/api.w.org\/{rel}","templated":true}]}}