{"id":8855,"date":"2023-01-03T13:37:23","date_gmt":"2023-01-03T13:37:23","guid":{"rendered":"https:\/\/lafragata.visitestepona.eu\/confirmacion-de-reserva\/transaccion-fallida\/"},"modified":"2023-01-03T13:37:23","modified_gmt":"2023-01-03T13:37:23","slug":"transaccion-fallida","status":"publish","type":"page","link":"https:\/\/lafragata.visitestepona.eu\/es\/confirmacion-de-reserva\/transaccion-fallida\/","title":{"rendered":"Transacci\u00f3n fallida"},"content":{"rendered":"<p>Lamentablemente, su transacci\u00f3n no puede completarse en este momento. Vuelva a intentarlo o p\u00f3ngase en contacto con nosotros.<\/p>\n","protected":false},"excerpt":{"rendered":"<p>Lamentablemente, su transacci\u00f3n no puede completarse en este momento. Vuelva a intentarlo o p\u00f3ngase en contacto con nosotros.<\/p>\n","protected":false},"author":1,"featured_media":0,"parent":8772,"menu_order":0,"comment_status":"closed","ping_status":"closed","template":"","meta":{"inline_featured_image":false,"footnotes":""},"class_list":["post-8855","page","type-page","status-publish","hentry"],"_links":{"self":[{"href":"https:\/\/lafragata.visitestepona.eu\/es\/wp-json\/wp\/v2\/pages\/8855","targetHints":{"allow":["GET"]}}],"collection":[{"href":"https:\/\/lafragata.visitestepona.eu\/es\/wp-json\/wp\/v2\/pages"}],"about":[{"href":"https:\/\/lafragata.visitestepona.eu\/es\/wp-json\/wp\/v2\/types\/page"}],"author":[{"embeddable":true,"href":"https:\/\/lafragata.visitestepona.eu\/es\/wp-json\/wp\/v2\/users\/1"}],"replies":[{"embeddable":true,"href":"https:\/\/lafragata.visitestepona.eu\/es\/wp-json\/wp\/v2\/comments?post=8855"}],"version-history":[{"count":0,"href":"https:\/\/lafragata.visitestepona.eu\/es\/wp-json\/wp\/v2\/pages\/8855\/revisions"}],"up":[{"embeddable":true,"href":"https:\/\/lafragata.visitestepona.eu\/es\/wp-json\/wp\/v2\/pages\/8772"}],"wp:attachment":[{"href":"https:\/\/lafragata.visitestepona.eu\/es\/wp-json\/wp\/v2\/media?parent=8855"}],"curies":[{"name":"wp","href":"https:\/\/api.w.org\/{rel}","templated":true}]}}