{"id":8847,"date":"2019-08-20T11:29:12","date_gmt":"2019-08-20T11:29:12","guid":{"rendered":"https:\/\/lafragata.visitestepona.eu\/acerca-de-visitestepona\/"},"modified":"2023-07-09T11:59:43","modified_gmt":"2023-07-09T11:59:43","slug":"acerca-de-visitestepona","status":"publish","type":"page","link":"https:\/\/lafragata.visitestepona.eu\/es\/acerca-de-visitestepona\/","title":{"rendered":"Acerca de VisitEstepona"},"content":{"rendered":"\n<p>Jardin del Costa del Sol<\/p>\n\n<div class=\"wp-block-columns has-2-columns is-layout-flex wp-container-core-columns-is-layout-9d6595d7 wp-block-columns-is-layout-flex\">\n<div class=\"wp-block-column is-layout-flow wp-block-column-is-layout-flow\">\n<figure class=\"wp-block-image size-large\"><img loading=\"lazy\" decoding=\"async\" width=\"1024\" height=\"683\" src=\"https:\/\/lafragata.visitestepona.eu\/wp-content\/uploads\/2023\/01\/VisitEstepona.eu-1-1024x683.webp\" alt=\"\" class=\"wp-image-1524\" title=\"\" srcset=\"https:\/\/lafragata.visitestepona.eu\/wp-content\/uploads\/2023\/01\/VisitEstepona.eu-1-1024x683.webp 1024w, https:\/\/lafragata.visitestepona.eu\/wp-content\/uploads\/2023\/01\/VisitEstepona.eu-1-300x200.webp 300w, https:\/\/lafragata.visitestepona.eu\/wp-content\/uploads\/2023\/01\/VisitEstepona.eu-1-768x512.webp 768w, https:\/\/lafragata.visitestepona.eu\/wp-content\/uploads\/2023\/01\/VisitEstepona.eu-1-892x595.webp 892w, https:\/\/lafragata.visitestepona.eu\/wp-content\/uploads\/2023\/01\/VisitEstepona.eu-1.webp 1200w\" sizes=\"auto, (max-width: 1024px) 100vw, 1024px\" \/><\/figure>\n<\/div>\n<\/div>\n\n<div class=\"wp-block-getwid-advanced-heading\" style=\"margin-bottom:5px;margin-top:46px\"><h2 class=\"wp-block-getwid-advanced-heading__content\" style=\"text-align:center\">Estepona es encantadora y aut\u00e9ntica<\/h2><\/div>\n\n<div class=\"wp-block-getwid-advanced-heading\" style=\"margin-bottom:45px\"><span class=\"wp-block-getwid-advanced-heading__content\" style=\"text-align:left\">Ven a Estepona y marav\u00edllate. Nunca antes hab\u00edamos visitado una ciudad espa\u00f1ola en plena costa que siguiera siendo verdaderamente espa\u00f1ola. Inmediatamente me enamor\u00e9 y me conmovi\u00f3 el ambiente y el aspecto encantador, la hermosa luz y las largas playas.<br>T\u00fa tambi\u00e9n quieres verlo y vivirlo. Por lo tanto, ahora tenemos un lugar donde empezar a recopilar todo sobre este lugar. Para que pronto s\u00f3lo tenga que estar en 1 sitio para mantenerse informado. S\u00edguenos. Vis\u00edtenos.<br><br>Muy buscada ubicaci\u00f3n popular: La Fragata Estepona &#8211; Jardin del Costa del Sol.<br>Estepona es un encantador pueblo pesquero con aut\u00e9ntico car\u00e1cter espa\u00f1ol donde tambi\u00e9n pasan sus vacaciones muchos espa\u00f1oles. Situada en el verde valle de la sierra Bermeja, Estepona goza de un microclima especial y 320 d\u00edas de sol al a\u00f1o. Como las playas son alargadas, Estepona mide unos 20 kil\u00f3metros a lo largo de la costa, siempre hay sitio en la playa, incluso en agosto.<br>Playa del Christo tiene la bah\u00eda m\u00e1s adecuada para los ni\u00f1os con fondo de suave pendiente y aqu\u00ed hay 2 excelentes clubes de playa con tumbonas y restaurante. Esta playa est\u00e1 a 300 metros de nuestra casa, la playa de la ciudad Playa Rada est\u00e1 a s\u00f3lo 500 metros a pie, pasando por el bonito puerto, casas de pescadores, restaurantes y el largo paseo mar\u00edtimo con flores y plantas de colores durante todo el a\u00f1o.<br>Justo detr\u00e1s de la playa de Rada se encuentran las ya famosas y renovadas encantadoras calles espa\u00f1olas sin coches, con las coloridas macetas, plazas y terrazas t\u00edpicas de Estepona. Aqu\u00ed se puede pasear durante horas, cada callejuela y rinc\u00f3n es igual de fotog\u00e9nico. \u00bfCompartir\u00e1s tus fotos con nuestro hashtag #visitestepona?<br>Hay muchos bares buenos donde sirven tapas de verdad. Aqu\u00ed no hay utileros intentando colarte comida para turistas, sino un ambiente espa\u00f1ol relajado. Y a precios normales, \u00a1el centro de Estepona es mucho m\u00e1s divertido y aut\u00e9ntico que la vecina Marbella!<br>\u00bfAs\u00ed que quiere disfrutar generosamente de playas, deportes acu\u00e1ticos, puerto, casco antiguo, bares, tapas, restaurantes, snack bar y 2 amplios supermercados con horarios muy amplios a poca distancia?<br><br><strong>Costa del Golf<\/strong><br><br>Campo de golf El Para\u00edso 1,5 km<br>Campo de golf de Estepona 4,6 km<br>La Duquesa Golf 10,4 km<br>Playa El Saladillo 11,5 km<br>Flamingos Golf 11,6 km<br>Marbella Club Golf Resort 11,6 km<br>Atalaya Golf &amp; Country Club 13,3 km<br>Campo de golf Guadalmina 15,6 km<br>La Quinta Golf &amp; Country Club 18,2 km<\/span><\/div>\n\n<h2 class=\"wp-block-heading\">Distancias<\/h2>\n\n<p>Mercado Carrefour 0,2 km<br\/>Restaurantes Puerto de Estepona 0.3 km<br\/>Mercado Supercor 0,3 km<br\/>Supermercado Lidl 1,2 km<br\/>Supermercado Mercadona 1,5 km<\/p>\n\n<h2 class=\"wp-block-heading\">Aeropuertos<\/h2>\n\n<p>Aeropuerto de M\u00e1laga 81 km<br\/>(Gibraltar 35 km)<\/p>\n\n<iframe src=\"https:\/\/www.google.com\/maps\/embed?pb=!1m14!1m8!1m3!1d3210.6172360654127!2d-5.162087!3d36.418455!3m2!1i1024!2i768!4f13.1!3m3!1m2!1s0x0%3A0x40c4988416808d7!2sVisitEstepona!5e0!3m2!1snl!2snl!4v1672762746049!5m2!1snl!2snl\" width=\"600\" height=\"450\" style=\"border:0;\" allowfullscreen=\"\" loading=\"lazy\" referrerpolicy=\"no-referrer-when-downgrade\"><\/iframe>\n\n<h1 class=\"wp-block-heading\"><strong>La Fragata en Estepona Costa del Sol &#8211; Andaluc\u00eda<\/strong><\/h1>\n\n<p>Urbanizaci\u00f3n de terracota con bonito jard\u00edn y cerca del Puerto Deportivo (5 min andando) y del encantador Casco Antiguo de Estepona a 15 minutos andando por el paseo mar\u00edtimo. La Fragata tiene un bonito jard\u00edn con piscina, espacio para encontrar un rinc\u00f3n a la sombra y su propia biblioteca comunitaria. Es maravillosamente tranquilo, mientras que estar a poca distancia de todo.<br\/>Por tanto, el lugar de vacaciones ideal, incluso para periodos m\u00e1s largos. Una casa en Espa\u00f1a.<\/p>\n\n<p>Aqu\u00ed nos quedamos unas semanas en primavera y oto\u00f1o. Podemos trabajar en l\u00ednea gracias a Internet de fibra \u00f3ptica, y no aburrirnos ni un momento.<br\/>Cuando no estemos, puedes alquilar nuestro espacioso piso con capacidad para 6 personas y disfrutarlo tanto como nosotros.<\/p>\n\n<p>Todo est\u00e1 all\u00ed y tan pronto como es lo suficientemente caliente: una hermosa refrescante generosa piscina en el hermoso jard\u00edn (abril-noviembre).<br\/>En invierno, Estepona es como la primavera en Holanda y todo est\u00e1 abierto. All\u00ed es muy espa\u00f1ol.<\/p>\n\n<div style=\"height:56px\" aria-hidden=\"true\" class=\"wp-block-spacer\"><\/div>\n\n<p>Puedes ver m\u00e1s sobre Estepona, por ejemplo, en Instagram <a href=\"https:\/\/www.instagram.com\/visitestepona\/\" target=\"_blank\" rel=\"noreferrer noopener\">#visitestepona<\/a><\/p>\n\n<p>Excursiones divertidas: Gibraltar, parque de animales Selwo, orquideario, snorkel, buceo, equitaci\u00f3n, golf, avistamiento de delfines, senderismo por murales o senderos po\u00e9ticos, Caminito del Rey, karting, paseos kilom\u00e9tricos por la costa\/playa a izquierda o derecha de la casa, o subir hacia la reserva natural con vistas espectaculares de Estepona, Gibraltar y Marruecos.<\/p>\n\n<figure class=\"wp-block-embed is-type-wp-embed is-provider-visit-estepona wp-block-embed-visit-estepona\"><div class=\"wp-block-embed__wrapper\">\n<blockquote class=\"wp-embedded-content\" data-secret=\"YdsYUBeeBy\"><a href=\"https:\/\/visitestepona.eu\/estepona-tips\/\">Estepona Tips<\/a><\/blockquote><iframe loading=\"lazy\" class=\"wp-embedded-content\" sandbox=\"allow-scripts\" security=\"restricted\" style=\"position: absolute; clip: rect(1px, 1px, 1px, 1px);\" title=\"&#8220;Estepona Tips&#8221; &#8212; Visit Estepona\" src=\"https:\/\/visitestepona.eu\/estepona-tips\/embed\/#?secret=XuWX29FIuA#?secret=YdsYUBeeBy\" data-secret=\"YdsYUBeeBy\" width=\"600\" height=\"338\" frameborder=\"0\" marginwidth=\"0\" marginheight=\"0\" scrolling=\"no\"><\/iframe>\n<\/div><\/figure>\n\n<hr class=\"wp-block-separator has-css-opacity is-style-wide\"\/>\n\n<div style=\"height:30px\" aria-hidden=\"true\" class=\"wp-block-spacer\"><\/div>\n","protected":false},"excerpt":{"rendered":"<p>Urbanizaci\u00f3n de terracota con bonito jard\u00edn y cerca del Puerto Deportivo (5 min andando) y del encantador Casco Antiguo de Estepona a 15 minutos andando por el paseo mar\u00edtimo. La Fragata tiene un bonito jard\u00edn con piscina, espacio para encontrar un rinc\u00f3n a la sombra y su propia biblioteca comunitaria. Es maravillosamente tranquilo, mientras que estar a poca distancia de todo.<\/p>\n","protected":false},"author":1,"featured_media":8721,"parent":0,"menu_order":0,"comment_status":"closed","ping_status":"closed","template":"template-wide-page.php","meta":{"inline_featured_image":false,"footnotes":""},"class_list":["post-8847","page","type-page","status-publish","has-post-thumbnail","hentry"],"_links":{"self":[{"href":"https:\/\/lafragata.visitestepona.eu\/es\/wp-json\/wp\/v2\/pages\/8847","targetHints":{"allow":["GET"]}}],"collection":[{"href":"https:\/\/lafragata.visitestepona.eu\/es\/wp-json\/wp\/v2\/pages"}],"about":[{"href":"https:\/\/lafragata.visitestepona.eu\/es\/wp-json\/wp\/v2\/types\/page"}],"author":[{"embeddable":true,"href":"https:\/\/lafragata.visitestepona.eu\/es\/wp-json\/wp\/v2\/users\/1"}],"replies":[{"embeddable":true,"href":"https:\/\/lafragata.visitestepona.eu\/es\/wp-json\/wp\/v2\/comments?post=8847"}],"version-history":[{"count":1,"href":"https:\/\/lafragata.visitestepona.eu\/es\/wp-json\/wp\/v2\/pages\/8847\/revisions"}],"predecessor-version":[{"id":8854,"href":"https:\/\/lafragata.visitestepona.eu\/es\/wp-json\/wp\/v2\/pages\/8847\/revisions\/8854"}],"wp:featuredmedia":[{"embeddable":true,"href":"https:\/\/lafragata.visitestepona.eu\/es\/wp-json\/wp\/v2\/media\/8721"}],"wp:attachment":[{"href":"https:\/\/lafragata.visitestepona.eu\/es\/wp-json\/wp\/v2\/media?parent=8847"}],"curies":[{"name":"wp","href":"https:\/\/api.w.org\/{rel}","templated":true}]}}