{"id":8802,"date":"2019-08-29T09:04:41","date_gmt":"2019-08-29T09:04:41","guid":{"rendered":"https:\/\/lafragata.visitestepona.eu\/confirmacion-de-reserva-2\/transaccion-fallida\/"},"modified":"2019-08-29T09:04:41","modified_gmt":"2019-08-29T09:04:41","slug":"transaccion-fallida","status":"publish","type":"page","link":"https:\/\/lafragata.visitestepona.eu\/es\/confirmacion-de-reserva-2\/transaccion-fallida\/","title":{"rendered":"Transacci\u00f3n fallida"},"content":{"rendered":"<p>Lamentablemente, su transacci\u00f3n no puede completarse en este momento. Vuelva a intentarlo o p\u00f3ngase en contacto con nosotros.<\/p>\n","protected":false},"excerpt":{"rendered":"<p>Lamentablemente, su transacci\u00f3n no puede completarse en este momento. Vuelva a intentarlo o p\u00f3ngase en contacto con nosotros.<\/p>\n","protected":false},"author":1,"featured_media":0,"parent":8794,"menu_order":0,"comment_status":"closed","ping_status":"closed","template":"","meta":{"inline_featured_image":false,"footnotes":""},"class_list":["post-8802","page","type-page","status-publish","hentry"],"_links":{"self":[{"href":"https:\/\/lafragata.visitestepona.eu\/es\/wp-json\/wp\/v2\/pages\/8802","targetHints":{"allow":["GET"]}}],"collection":[{"href":"https:\/\/lafragata.visitestepona.eu\/es\/wp-json\/wp\/v2\/pages"}],"about":[{"href":"https:\/\/lafragata.visitestepona.eu\/es\/wp-json\/wp\/v2\/types\/page"}],"author":[{"embeddable":true,"href":"https:\/\/lafragata.visitestepona.eu\/es\/wp-json\/wp\/v2\/users\/1"}],"replies":[{"embeddable":true,"href":"https:\/\/lafragata.visitestepona.eu\/es\/wp-json\/wp\/v2\/comments?post=8802"}],"version-history":[{"count":0,"href":"https:\/\/lafragata.visitestepona.eu\/es\/wp-json\/wp\/v2\/pages\/8802\/revisions"}],"up":[{"embeddable":true,"href":"https:\/\/lafragata.visitestepona.eu\/es\/wp-json\/wp\/v2\/pages\/8794"}],"wp:attachment":[{"href":"https:\/\/lafragata.visitestepona.eu\/es\/wp-json\/wp\/v2\/media?parent=8802"}],"curies":[{"name":"wp","href":"https:\/\/api.w.org\/{rel}","templated":true}]}}