{"id":8755,"date":"2023-01-03T14:32:18","date_gmt":"2023-01-03T14:32:18","guid":{"rendered":"https:\/\/lafragata.visitestepona.eu\/sobre-nosotros\/"},"modified":"2024-05-18T14:34:09","modified_gmt":"2024-05-18T14:34:09","slug":"sobre-nosotros","status":"publish","type":"page","link":"https:\/\/lafragata.visitestepona.eu\/es\/sobre-nosotros\/","title":{"rendered":"Sobre nosotros"},"content":{"rendered":"\n<p>Encontramos el lugar perfecto en 2019. El lugar de vacaciones ideal, pero tambi\u00e9n una 2\u00aa vivienda para periodos m\u00e1s largos. Una casa en Espa\u00f1a. Aqu\u00ed es donde solemos alojarnos en primavera y oto\u00f1o. Podemos trabajar en l\u00ednea gracias a Internet de fibra \u00f3ptica, y no aburrirnos ni un momento. Cuando no estemos, puedes alquilar nuestro espacioso piso con capacidad para 6 personas y disfrutarlo tanto como nosotros. Descubra Estepona y la regi\u00f3n de Andaluc\u00eda, nunca se aburre.<\/p>\n\n        <div class=\"wp-block-getwid-post-slider custom-post-type-post has-arrows-inside has-dots-inside\">\n            <div data-slider-option=\"{&quot;getwid_fade_effect&quot;:&quot;slide&quot;,&quot;getwid_autoplay&quot;:false,&quot;getwid_pause_on_hover&quot;:false,&quot;getwid_autoplay_speed&quot;:6000,&quot;getwid_infinite&quot;:true,&quot;getwid_animation_speed&quot;:800,&quot;getwid_arrows&quot;:&quot;inside&quot;,&quot;getwid_dots&quot;:&quot;inside&quot;}\" class=\"wp-block-getwid-post-slider__content\">\n                <p>No se ha encontrado nada.<\/p>            <\/div>\n        <\/div>\n        \n<p><em><a href=\"https:\/\/www.instagram.com\/visitestepona\/\" target=\"_blank\" rel=\"noopener\">S\u00edguenos en Instagram<\/a><\/em><\/p>\n","protected":false},"excerpt":{"rendered":"<p>Encontramos el lugar perfecto en 2019. El lugar de vacaciones ideal, pero tambi\u00e9n una 2\u00aa vivienda para periodos m\u00e1s largos. Una casa en Espa\u00f1a. Aqu\u00ed es donde solemos alojarnos en primavera y oto\u00f1o.  <\/p>\n","protected":false},"author":1,"featured_media":8712,"parent":0,"menu_order":0,"comment_status":"closed","ping_status":"open","template":"","meta":{"inline_featured_image":false,"footnotes":""},"class_list":["post-8755","page","type-page","status-publish","has-post-thumbnail","hentry"],"_links":{"self":[{"href":"https:\/\/lafragata.visitestepona.eu\/es\/wp-json\/wp\/v2\/pages\/8755","targetHints":{"allow":["GET"]}}],"collection":[{"href":"https:\/\/lafragata.visitestepona.eu\/es\/wp-json\/wp\/v2\/pages"}],"about":[{"href":"https:\/\/lafragata.visitestepona.eu\/es\/wp-json\/wp\/v2\/types\/page"}],"author":[{"embeddable":true,"href":"https:\/\/lafragata.visitestepona.eu\/es\/wp-json\/wp\/v2\/users\/1"}],"replies":[{"embeddable":true,"href":"https:\/\/lafragata.visitestepona.eu\/es\/wp-json\/wp\/v2\/comments?post=8755"}],"version-history":[{"count":3,"href":"https:\/\/lafragata.visitestepona.eu\/es\/wp-json\/wp\/v2\/pages\/8755\/revisions"}],"predecessor-version":[{"id":9550,"href":"https:\/\/lafragata.visitestepona.eu\/es\/wp-json\/wp\/v2\/pages\/8755\/revisions\/9550"}],"wp:featuredmedia":[{"embeddable":true,"href":"https:\/\/lafragata.visitestepona.eu\/es\/wp-json\/wp\/v2\/media\/8712"}],"wp:attachment":[{"href":"https:\/\/lafragata.visitestepona.eu\/es\/wp-json\/wp\/v2\/media?parent=8755"}],"curies":[{"name":"wp","href":"https:\/\/api.w.org\/{rel}","templated":true}]}}