{"id":8862,"date":"2019-09-25T07:05:57","date_gmt":"2019-09-25T07:05:57","guid":{"rendered":"https:\/\/lafragata.visitestepona.eu\/haeufig-gestellte-fragen\/"},"modified":"2024-05-18T14:19:44","modified_gmt":"2024-05-18T14:19:44","slug":"haeufig-gestellte-fragen","status":"publish","type":"page","link":"https:\/\/lafragata.visitestepona.eu\/de\/haeufig-gestellte-fragen\/","title":{"rendered":"H\u00e4ufig gestellte Fragen"},"content":{"rendered":"\n<p>M\u00f6chten Sie mehr \u00fcber Estepona und VisitEstepona erfahren oder haben Sie Erg\u00e4nzungen f\u00fcr die Website? Lassen Sie es uns wissen. Wir arbeiten mit allen, die eine Beziehung zu Estepona haben oder haben wollen. Sch\u00f6n, wenn Sie sich melden! Mail an <a href=\"mailto:hello@visitestepona.eu\">hello@visitestepona.eu<\/a><\/p>\n\n<p>Mietbedingungen La Fragata Estepona<\/p>\n\n<h3 class=\"wp-block-heading\"><strong>Mietbedingungen<\/strong><\/h3>\n\n<ul class=\"wp-block-list\">\n<li>Wir nehmen nur Reservierungen von Personen an, die mindestens 30 Jahre alt sind.<\/li>\n\n\n\n<li>Nach der Buchung erhalten Sie von uns innerhalb von 5 Tagen eine Best\u00e4tigung und die allgemeinen Mietbedingungen. Bitte \u00fcberpr\u00fcfen Sie diese Dokumente auf ihre Richtigkeit und teilen Sie uns etwaige Ungenauigkeiten unverz\u00fcglich mit. Wenn Sie innerhalb von 10 Tagen nach der Reservierung keine Empfangsbest\u00e4tigung von uns erhalten haben, setzen Sie sich bitte unverz\u00fcglich mit uns in Verbindung, da die Reservierung sonst nicht in Anspruch genommen werden kann.<\/li>\n\n\n\n<li>Ein Vertrag zwischen Ihnen und uns kommt zustande, wenn wir Ihnen die Reservierung best\u00e4tigt haben. Die Vereinbarung betrifft die Vermietung des Ferienhauses zu Erholungszwecken, die naturgem\u00e4\u00df von kurzer Dauer ist.<\/li>\n<\/ul>\n\n<p><strong>Stornierung<\/strong><\/p>\n\n<p><strong>Die Stornierung durch den Mieter muss immer schriftlich erfolgen (per Post oder E-Mail). Hierf\u00fcr gelten die folgenden Regeln:<\/strong><\/p>\n\n<ul class=\"wp-block-list\">\n<li>Die Anzahlung wird im Falle einer Stornierung nicht zur\u00fcckerstattet.<\/li>\n\n\n\n<li>Bei einer Stornierung bis zu 42 Tage vor dem Anreisetag werden 25 % des Mietpreises berechnet.<\/li>\n\n\n\n<li>Bei einer Stornierung bis zu 28 Tagen vor dem Anreisetag werden 50% des Mietpreises berechnet<\/li>\n\n\n\n<li>Bei einer Stornierung innerhalb von 28 Tagen vor dem Anreisetag werden 100% des Mietpreises f\u00e4llig.<\/li>\n\n\n\n<li>Wenn Sie nicht innerhalb von 24 Stunden nach dem vereinbarten Termin ohne weitere Benachrichtigung ankommen, wird dies als Stornierung betrachtet und 100% des Mietpreises werden f\u00e4llig.<\/li>\n\n\n\n<li>Im Falle einer Stornierung unsererseits werden bereits gezahlte Betr\u00e4ge zur\u00fcckerstattet.<\/li>\n<\/ul>\n\n<p><strong>\u00dcbernachtung im Ferienhaus<\/strong><\/p>\n\n<ul class=\"wp-block-list\">\n<li>Am Anreisetag k\u00f6nnen Sie das Ferienhaus im Prinzip ab 16:00 Uhr nutzen. Am Tag der Abreise m\u00fcssen Sie das Ferienhaus bis 11:00 Uhr verlassen haben.<\/li>\n\n\n\n<li>Das Ferienhaus ist ein Nichtraucherhaus. Das Rauchen ist drau\u00dfen auf der Terrasse erlaubt, sofern man einen Aschenbecher benutzt.<\/li>\n\n\n\n<li>Im Freien sollte kein offenes Feuer verwendet werden.<\/li>\n\n\n\n<li>Das Mitbringen von Haustieren ist nicht erlaubt.<\/li>\n\n\n\n<li>Am Pool befindet sich ein Schild mit den Gemeinschaftsregeln f\u00fcr die Nutzung des Gemeinschaftspools.<\/li>\n\n\n\n<li>Die wichtigsten Poolregeln sind:  <br\/>ge\u00f6ffnet zwischen 09.00 und 21.00 Uhr, keine Gl\u00e4ser und Lebensmittel am Pool erlaubt. Sonnenb\u00e4nke nicht reserviert.<\/li>\n\n\n\n<li>Die Endreinigung ist nicht im Mietpreis inbegriffen (Sie zahlen diese bei Ihrer Ankunft an den Schl\u00fcsselverwalter).<\/li>\n\n\n\n<li>Handt\u00fccher, K\u00fcchenhandt\u00fccher und Bettw\u00e4sche sind im Mietpreis enthalten.<\/li>\n\n\n\n<li>Die Nutzung von Klimaanlage, Wasser und Strom ist inbegriffen, aber wir bitten Sie, sparsam damit umzugehen.<\/li>\n\n\n\n<li>Die Untervermietung oder Weitervermietung ist ausdr\u00fccklich verboten.<\/li>\n\n\n\n<li>Der Aufenthalt von mehr Personen in einem Ferienhaus als bei der Reservierung vereinbart oder mehr als die f\u00fcr das Haus geltende H\u00f6chstzahl von 6 Personen ist ohne unsere Zustimmung ausdr\u00fccklich nicht gestattet, es sei denn, es wurde schriftlich etwas anderes vereinbart. Dies kann zu einer vorzeitigen Beendigung des Mietvertrags unsererseits f\u00fchren, ohne dass der Mietpreis erstattet wird.<\/li>\n\n\n\n<li>Es ist ausdr\u00fccklich nicht gestattet, Sofas, Schr\u00e4nke, Ton- oder Fernsehger\u00e4te zu verschieben oder Teile des Inneninventars &#8211; au\u00dfer nat\u00fcrlich Geschirr, Gl\u00e4ser und Besteck f\u00fcr die Mahlzeiten im Freien &#8211; mitzunehmen.<\/li>\n<\/ul>\n","protected":false},"excerpt":{"rendered":"<p>M\u00f6chten Sie mehr \u00fcber Estepona und VisitEstepona erfahren oder haben Sie Erg\u00e4nzungen f\u00fcr die Website? Lassen Sie es uns wissen. Wir arbeiten mit allen, die eine Beziehung zu Estepona haben oder haben wollen. Sch\u00f6n, wenn Sie sich melden! Mail an hello@visitestepona.eu Mietbedingungen La Fragata Estepona Mietbedingungen Stornierung Die Stornierung durch den Mieter muss immer schriftlich [&hellip;]<\/p>\n","protected":false},"author":1,"featured_media":0,"parent":0,"menu_order":0,"comment_status":"closed","ping_status":"closed","template":"","meta":{"inline_featured_image":false,"footnotes":""},"class_list":["post-8862","page","type-page","status-publish","hentry"],"_links":{"self":[{"href":"https:\/\/lafragata.visitestepona.eu\/de\/wp-json\/wp\/v2\/pages\/8862","targetHints":{"allow":["GET"]}}],"collection":[{"href":"https:\/\/lafragata.visitestepona.eu\/de\/wp-json\/wp\/v2\/pages"}],"about":[{"href":"https:\/\/lafragata.visitestepona.eu\/de\/wp-json\/wp\/v2\/types\/page"}],"author":[{"embeddable":true,"href":"https:\/\/lafragata.visitestepona.eu\/de\/wp-json\/wp\/v2\/users\/1"}],"replies":[{"embeddable":true,"href":"https:\/\/lafragata.visitestepona.eu\/de\/wp-json\/wp\/v2\/comments?post=8862"}],"version-history":[{"count":3,"href":"https:\/\/lafragata.visitestepona.eu\/de\/wp-json\/wp\/v2\/pages\/8862\/revisions"}],"predecessor-version":[{"id":9512,"href":"https:\/\/lafragata.visitestepona.eu\/de\/wp-json\/wp\/v2\/pages\/8862\/revisions\/9512"}],"wp:attachment":[{"href":"https:\/\/lafragata.visitestepona.eu\/de\/wp-json\/wp\/v2\/media?parent=8862"}],"curies":[{"name":"wp","href":"https:\/\/api.w.org\/{rel}","templated":true}]}}