{"id":8808,"date":"2019-08-20T11:29:12","date_gmt":"2019-08-20T11:29:12","guid":{"rendered":"https:\/\/lafragata.visitestepona.eu\/ueber-visitestepona\/"},"modified":"2023-07-09T11:58:36","modified_gmt":"2023-07-09T11:58:36","slug":"ueber-visitestepona","status":"publish","type":"page","link":"https:\/\/lafragata.visitestepona.eu\/de\/ueber-visitestepona\/","title":{"rendered":"\u00dcber VisitEstepona"},"content":{"rendered":"\n<p>Jardin del Costa del Sol<\/p>\n\n<div class=\"wp-block-columns has-2-columns is-layout-flex wp-container-core-columns-is-layout-9d6595d7 wp-block-columns-is-layout-flex\">\n<div class=\"wp-block-column is-layout-flow wp-block-column-is-layout-flow\">\n<figure class=\"wp-block-image size-large\"><img loading=\"lazy\" decoding=\"async\" width=\"1024\" height=\"683\" src=\"https:\/\/lafragata.visitestepona.eu\/wp-content\/uploads\/2023\/01\/VisitEstepona.eu-1-1024x683.webp\" alt=\"\" class=\"wp-image-1524\" title=\"\" srcset=\"https:\/\/lafragata.visitestepona.eu\/wp-content\/uploads\/2023\/01\/VisitEstepona.eu-1-1024x683.webp 1024w, https:\/\/lafragata.visitestepona.eu\/wp-content\/uploads\/2023\/01\/VisitEstepona.eu-1-300x200.webp 300w, https:\/\/lafragata.visitestepona.eu\/wp-content\/uploads\/2023\/01\/VisitEstepona.eu-1-768x512.webp 768w, https:\/\/lafragata.visitestepona.eu\/wp-content\/uploads\/2023\/01\/VisitEstepona.eu-1-892x595.webp 892w, https:\/\/lafragata.visitestepona.eu\/wp-content\/uploads\/2023\/01\/VisitEstepona.eu-1.webp 1200w\" sizes=\"auto, (max-width: 1024px) 100vw, 1024px\" \/><\/figure>\n<\/div>\n<\/div>\n\n<div class=\"wp-block-getwid-advanced-heading\" style=\"margin-bottom:5px;margin-top:46px\"><h2 class=\"wp-block-getwid-advanced-heading__content\" style=\"text-align:center\">Estepona ist charmant und authentisch<\/h2><\/div>\n\n<div class=\"wp-block-getwid-advanced-heading\" style=\"margin-bottom:45px\"><span class=\"wp-block-getwid-advanced-heading__content\" style=\"text-align:left\">Kommen Sie nach Estepona und staunen Sie. Noch nie zuvor hatten wir eine spanische Stadt direkt an der K\u00fcste besucht, in der es noch richtig spanisch war. Ich habe mich sofort in die Atmosph\u00e4re und den Charme der Stadt verliebt, das sch\u00f6ne Licht und die langen Str\u00e4nde haben mich ber\u00fchrt.<br>Das wollen Sie auch sehen und erleben! Deshalb haben wir jetzt einen Ort, an dem wir alles \u00fcber diesen Ort sammeln k\u00f6nnen. So m\u00fcssen Sie bald nur noch an einem Ort sein, um informiert zu bleiben. Folgen Sie uns. Besuchen Sie uns.<br><br>Sehr begehrte und beliebte Lage: La Fragata Estepona &#8211; Jardin del Costa del Sol.<br>Estepona ist ein charmantes Fischerst\u00e4dtchen mit echt spanischem Charakter, in dem auch viele Spanier ihren Urlaub verbringen. Estepona liegt im gr\u00fcnen Tal der Sierra Bermeja und verf\u00fcgt \u00fcber ein besonderes Mikroklima und 320 Sonnentage im Jahr. Da die Str\u00e4nde langgestreckt sind &#8211; Estepona erstreckt sich \u00fcber eine L\u00e4nge von 20 Kilometern entlang der K\u00fcste &#8211; gibt es auch im August immer Platz am Strand.<br>Playa del Christo hat die kinderfreundlichste Bucht mit sanft abfallendem Boden und hier gibt es 2 ausgezeichnete Beach Clubs mit Sonnenliegen und Restaurant. Dieser Strand ist 300 Meter von unserem Haus entfernt, zum Stadtstrand Playa Rada sind es nur 500 Meter zu Fu\u00df, vorbei am niedlichen Hafen, Fischerh\u00e4usern, Restaurants und der langen Promenade mit ganzj\u00e4hrig bunten Blumen und Pflanzen.<br>Gleich hinter dem Rada-Strand befinden sich die ber\u00fchmten, renovierten, charmanten spanischen autofreien Stra\u00dfen mit den f\u00fcr Estepona typischen bunten Blument\u00f6pfen, Pl\u00e4tzen und Terrassen. Man kann hier stundenlang spazieren gehen, jede kleine Stra\u00dfe und jede Ecke ist gleicherma\u00dfen fotogen. Werden Sie Ihre Fotos mit unserem Hashtag #visitestepona teilen?<br>Es gibt viele gute Bars, in denen man echte Tapas bekommt. Hier gibt es keine Animateure, die Ihnen Touristenessen aufdr\u00e4ngen wollen, sondern eine entspannte spanische Atmosph\u00e4re. Und normale Preise, das Zentrum von Estepona ist so viel lustiger und authentischer als das benachbarte Marbella!<br>Sie wollen also gro\u00dfz\u00fcgig Str\u00e4nde, Wassersport, Hafen, Altstadt, Bars, Tapas, Restaurants, Snackbar und 2 umfangreiche Superm\u00e4rkte mit sehr weiten \u00d6ffnungszeiten in Gehweite genie\u00dfen?<br><br><strong>Costa del Golf!<\/strong><br><br>Golfplatz El Para\u00edso 1,5 km<br>Golfplatz Estepona 4,6 km<br>La Duquesa Golf 10.4 km<br>Playa El Saladillo 11,5 km<br>Flamingos Golf 11,6 km<br>Marbella Club Golf Resort 11,6 km<br>Atalaya Golf &amp; Country Club 13,3 km<br>Golfplatz Guadalmina 15.6 km<br>La Quinta Golf &amp; Country Club 18,2 km<\/span><\/div>\n\n<h2 class=\"wp-block-heading\">Entfernungen<\/h2>\n\n<p>Carrefour-Markt 0,2 km<br\/>Puerto de Estepona Restaurants 0,3 km<br\/>Supercor-Markt 0,3 km<br\/>Lidl-Supermarkt 1,2 km<br\/>Mercadona-Supermarkt 1,5 km<\/p>\n\n<h2 class=\"wp-block-heading\">Flugh\u00e4fen<\/h2>\n\n<p>Malaga Flughafen 81 km<br\/>(Gibraltar 35 km)<\/p>\n\n<iframe src=\"https:\/\/www.google.com\/maps\/embed?pb=!1m14!1m8!1m3!1d3210.6172360654127!2d-5.162087!3d36.418455!3m2!1i1024!2i768!4f13.1!3m3!1m2!1s0x0%3A0x40c4988416808d7!2sVisitEstepona!5e0!3m2!1snl!2snl!4v1672762746049!5m2!1snl!2snl\" width=\"600\" height=\"450\" style=\"border:0;\" allowfullscreen=\"\" loading=\"lazy\" referrerpolicy=\"no-referrer-when-downgrade\"><\/iframe>\n\n<h1 class=\"wp-block-heading\"><strong>La Fragata in Estepona Costa del Sol &#8211; Andalusien<\/strong><\/h1>\n\n<p>Terrakotta-Siedlung mit sch\u00f6nem Garten und in der N\u00e4he des Yachthafens Puerto Deportivo (5 Minuten zu Fu\u00df) und der charmanten Altstadt von Estepona (15 Minuten zu Fu\u00df \u00fcber die Promenade). La Fragata verf\u00fcgt \u00fcber einen sch\u00f6nen Garten mit Pool, Platz f\u00fcr ein schattiges Pl\u00e4tzchen und eine eigene Gemeindebibliothek. Es ist wunderbar ruhig, und doch ist alles zu Fu\u00df zu erreichen.<br\/>Der ideale Urlaubsort also, auch f\u00fcr l\u00e4ngere Zeitr\u00e4ume. Ein Haus in Spanien.<\/p>\n\n<p>Hier halten wir uns im Fr\u00fchjahr und im Herbst f\u00fcr einige Wochen auf. Dank des Glasfaser-Internets k\u00f6nnen wir online arbeiten und uns keinen Moment langweilen.<br\/>Wenn wir nicht da sind, k\u00f6nnen Sie unsere ger\u00e4umige Wohnung mit bis zu 6 Personen mieten und sie genauso genie\u00dfen wie wir!<\/p>\n\n<p>Alles ist vorhanden und sobald es warm genug ist: ein herrlich erfrischender gro\u00dfz\u00fcgiger Pool im sch\u00f6nen Garten (April-November).<br\/>Im Winter ist Estepona wie der Fr\u00fchling in den Niederlanden und alles ist ge\u00f6ffnet. Dort ist es wirklich spanisch.<\/p>\n\n<div style=\"height:56px\" aria-hidden=\"true\" class=\"wp-block-spacer\"><\/div>\n\n<p>Sie k\u00f6nnen mehr \u00fcber Estepona sehen, zum Beispiel auf Instagram <a href=\"https:\/\/www.instagram.com\/visitestepona\/\" target=\"_blank\" rel=\"noreferrer noopener\">#visitestepona<\/a><\/p>\n\n<p>Unterhaltsame Ausfl\u00fcge: Gibraltar, Selwo-Tierpark, Orchidarium, Schnorcheln, Tauchen, Reiten, Golfen, Delfinbeobachtung, Wandmalerei oder Poesie-Wanderung, Caminito del Rey, Go-Kart, kilometerlange K\u00fcsten-\/Strandspazierg\u00e4nge links oder rechts vom Haus oder Wanderung hinauf zum Naturschutzgebiet mit spektakul\u00e4rem Blick auf Estepona, Gibraltar und Marokko<\/p>\n\n<figure class=\"wp-block-embed is-type-wp-embed is-provider-visit-estepona wp-block-embed-visit-estepona\"><div class=\"wp-block-embed__wrapper\">\n<blockquote class=\"wp-embedded-content\" data-secret=\"vv811VvoGN\"><a href=\"https:\/\/visitestepona.eu\/estepona-tips\/\">Estepona Tips<\/a><\/blockquote><iframe loading=\"lazy\" class=\"wp-embedded-content\" sandbox=\"allow-scripts\" security=\"restricted\" style=\"position: absolute; clip: rect(1px, 1px, 1px, 1px);\" title=\"&#8220;Estepona Tips&#8221; &#8212; Visit Estepona\" src=\"https:\/\/visitestepona.eu\/estepona-tips\/embed\/#?secret=8kZlSoNeOa#?secret=vv811VvoGN\" data-secret=\"vv811VvoGN\" width=\"600\" height=\"338\" frameborder=\"0\" marginwidth=\"0\" marginheight=\"0\" scrolling=\"no\"><\/iframe>\n<\/div><\/figure>\n\n<hr class=\"wp-block-separator has-css-opacity is-style-wide\"\/>\n\n<div style=\"height:30px\" aria-hidden=\"true\" class=\"wp-block-spacer\"><\/div>\n","protected":false},"excerpt":{"rendered":"<p>Terrakotta-Siedlung mit sch\u00f6nem Garten und in der N\u00e4he des Yachthafens Puerto Deportivo (5 Minuten zu Fu\u00df) und der charmanten Altstadt von Estepona (15 Minuten zu Fu\u00df \u00fcber die Promenade). La Fragata verf\u00fcgt \u00fcber einen sch\u00f6nen Garten mit Pool, Platz f\u00fcr ein schattiges Pl\u00e4tzchen und eine eigene Gemeindebibliothek. Es ist wunderbar ruhig, und doch ist alles zu Fu\u00df zu erreichen.<\/p>\n","protected":false},"author":1,"featured_media":8720,"parent":0,"menu_order":0,"comment_status":"closed","ping_status":"closed","template":"template-wide-page.php","meta":{"inline_featured_image":false,"footnotes":""},"class_list":["post-8808","page","type-page","status-publish","has-post-thumbnail","hentry"],"_links":{"self":[{"href":"https:\/\/lafragata.visitestepona.eu\/de\/wp-json\/wp\/v2\/pages\/8808","targetHints":{"allow":["GET"]}}],"collection":[{"href":"https:\/\/lafragata.visitestepona.eu\/de\/wp-json\/wp\/v2\/pages"}],"about":[{"href":"https:\/\/lafragata.visitestepona.eu\/de\/wp-json\/wp\/v2\/types\/page"}],"author":[{"embeddable":true,"href":"https:\/\/lafragata.visitestepona.eu\/de\/wp-json\/wp\/v2\/users\/1"}],"replies":[{"embeddable":true,"href":"https:\/\/lafragata.visitestepona.eu\/de\/wp-json\/wp\/v2\/comments?post=8808"}],"version-history":[{"count":1,"href":"https:\/\/lafragata.visitestepona.eu\/de\/wp-json\/wp\/v2\/pages\/8808\/revisions"}],"predecessor-version":[{"id":8809,"href":"https:\/\/lafragata.visitestepona.eu\/de\/wp-json\/wp\/v2\/pages\/8808\/revisions\/8809"}],"wp:featuredmedia":[{"embeddable":true,"href":"https:\/\/lafragata.visitestepona.eu\/de\/wp-json\/wp\/v2\/media\/8720"}],"wp:attachment":[{"href":"https:\/\/lafragata.visitestepona.eu\/de\/wp-json\/wp\/v2\/media?parent=8808"}],"curies":[{"name":"wp","href":"https:\/\/api.w.org\/{rel}","templated":true}]}}