{"id":8786,"date":"2019-08-29T09:23:40","date_gmt":"2019-08-29T09:23:40","guid":{"rendered":"https:\/\/lafragata.visitestepona.eu\/bedingungen-und-konditionen\/"},"modified":"2023-07-09T11:58:36","modified_gmt":"2023-07-09T11:58:36","slug":"bedingungen-und-konditionen","status":"publish","type":"page","link":"https:\/\/lafragata.visitestepona.eu\/de\/bedingungen-und-konditionen\/","title":{"rendered":"Bedingungen und Konditionen"},"content":{"rendered":"\n<h3 class=\"wp-block-heading\">Mietbedingungen<\/h3>\n\n<ul class=\"wp-block-list\">\n<li>Diese Allgemeinen Mietbedingungen gelten f\u00fcr Reservierungen und Vereinbarungen in Bezug auf das Ferienhaus &#8222;La Fragata Estepona&#8220;, Calle Puerto Alto 5, Vivienda 7.<\/li>\n\n\n\n<li>In diesen Allgemeinen Mietbedingungen bezeichnet der Begriff &#8222;Mieter&#8220; die Person, die mit uns einen Vertrag \u00fcber die Vermietung des Ferienhauses abschlie\u00dft.<\/li>\n\n\n\n<li>Diese Allgemeinen Gesch\u00e4ftsbedingungen gelten unabh\u00e4ngig von Ihrem (vorherigen) Verweis auf Ihre eigenen Gesch\u00e4ftsbedingungen oder andere Allgemeine Gesch\u00e4ftsbedingungen. Wir lehnen alle Allgemeinen Gesch\u00e4ftsbedingungen ab, auf die Sie Bezug nehmen oder die Sie verwenden.<\/li>\n\n\n\n<li>Von diesen Allgemeinen Gesch\u00e4ftsbedingungen abweichende Vereinbarungen sind nur g\u00fcltig, wenn sie schriftlich vereinbart werden.<\/li>\n<\/ul>\n\n<h3 class=\"wp-block-heading\">Buchung<\/h3>\n\n<ol class=\"wp-block-list\">\n<li>Wir nehmen nur Reservierungen von Personen entgegen, die 25 Jahre oder \u00e4lter sind.<\/li>\n\n\n\n<li>Nach der Buchung erhalten Sie von uns innerhalb von 5 Tagen eine Best\u00e4tigung, die allgemeinen Mietbedingungen und eine Rechnung. Bitte \u00fcberpr\u00fcfen Sie diese Dokumente auf ihre Richtigkeit und teilen Sie uns etwaige Ungenauigkeiten unverz\u00fcglich mit. Wenn Sie innerhalb von 10 Tagen nach der Reservierung keine Empfangsbest\u00e4tigung von uns erhalten haben, setzen Sie sich bitte unverz\u00fcglich mit uns in Verbindung, da die Reservierung sonst nicht in Anspruch genommen werden kann.<\/li>\n\n\n\n<li>Ein Vertrag zwischen Ihnen und uns kommt zustande, wenn wir Ihnen die Reservierung best\u00e4tigt haben. Die Vereinbarung betrifft die Vermietung des Ferienhauses zu Erholungszwecken, die naturgem\u00e4\u00df von kurzer Dauer ist.<\/li>\n<\/ol>\n\n<h3 class=\"wp-block-heading\">Zahlung<\/h3>\n\n<ol class=\"wp-block-list\">\n<li>Um Ihre Buchung abzuschlie\u00dfen, zahlen Sie 25% des Mietpreises, sobald wir diese Zahlung erhalten haben, ist Ihre Buchung endg\u00fcltig.<br\/>Um zu verhindern, dass die Wohnung von anderen auf einem der Portale gebucht wird, blockieren wir die Daten f\u00fcr Sie f\u00fcr 24 Stunden, bis wir Ihre Anzahlung erhalten.<br\/>Nach diesen 24 Stunden werden wir die Termine wieder zur Buchung freigeben. Sie laufen dann Gefahr, dass Ihnen die Wohnung w\u00e4hrend des gesamten Zeitraums nicht mehr zur Verf\u00fcgung steht.<br\/>Die restlichen 75% m\u00fcssen 1 Monat vor dem Anreisedatum bei uns eingehen. Wenn Ihre Reservierung innerhalb von 6 Wochen vor dem Anreisedatum erfolgt, ist die Buchung nach Eingang von 100% des Mietpreises und der Kaution endg\u00fcltig.<\/li>\n\n\n\n<li>Die (Voraus-)Zahlung sollte auf IBAN \u00fcberwiesen werden:<br\/>ES24 0081 0611 9900 0187 5595 tnv F. Veldmeijer Y F.A. van Doorn oder IBAN NL17INGB0000750688 tnv F. Veldmeijer und\/oder F.A. Veldmeijer-van Doorn unter Angabe der Rechnungs- oder Buchungsnummer.<\/li>\n\n\n\n<li>Mit der Zahlung einer Rate des Mietpreises oder des gesamten Mietpreises best\u00e4tigen Sie, dass Sie die allgemeinen Mietbedingungen gelesen und akzeptiert haben. Der Mietvertrag endet automatisch nach Ablauf des vereinbarten Zeitraums.<\/li>\n\n\n\n<li>Bei versp\u00e4teter Zahlung des Mietpreises geraten Sie unmittelbar nach Ablauf der Zahlungsfrist in Verzug. In diesem Fall behalten wir uns das Recht vor, Ihre Reservierung zu stornieren und vom Vertrag zur\u00fcckzutreten.<\/li>\n<\/ol>\n\n<h3 class=\"wp-block-heading\">Einzahlung<\/h3>\n\n<ol class=\"wp-block-list\">\n<li>Die Kaution betr\u00e4gt 200,00 \u20ac. Die Kaution dient zur Deckung von Sch\u00e4den und\/oder Kosten &#8211; im weitesten Sinne des Wortes -, die uns bei Nichteinhaltung der Pflichten des Mieters als guter Mieter und der ihn begleitenden Person(en) entstehen k\u00f6nnen.<\/li>\n\n\n\n<li>Die Kaution ist zusammen mit der ersten Anzahlung des Mietpreises zu leisten. Wird die Kaution nicht gezahlt, sind wir berechtigt, dem Mieter den Zugang zum Ferienhaus zu verweigern. Wenn Sie die Kaution nicht zahlen, sind wir ebenfalls berechtigt, den Vertrag mit sofortiger Wirkung aufzul\u00f6sen.<\/li>\n\n\n\n<li>Die Kaution oder ein eventueller Restbetrag wird nach Begleichung der Anspr\u00fcche (Sch\u00e4den am Inventar\/Ferienhaus und\/oder sonstige Kosten) von uns an den Mieter innerhalb von 7 Tagen nach der Abreise zur\u00fcckerstattet. Etwaige (weitergehende) Schadensersatzanspr\u00fcche erl\u00f6schen durch diese Erstattung nicht.<\/li>\n<\/ol>\n\n<h3 class=\"wp-block-heading\">Entgegennahme des Schl\u00fcssels<\/h3>\n\n<ol class=\"wp-block-list\">\n<li>Sp\u00e4testens eine Woche vor dem Anreisedatum und nach Zahlung des vollen Rechnungsbetrages erh\u00e4lt der Mieter per E-Mail oder SMS die Kontaktdaten unseres Schl\u00fcsselverwalters. Der Schl\u00fcssel zum Ferienhaus wird dem Mieter bei seiner Ankunft vom Schl\u00fcsselverwalter in unserem Namen leihweise zur Verf\u00fcgung gestellt. Der Schl\u00fcssel bleibt unser Eigentum. Bei Verlust, Diebstahl oder sonstigem Abhandenkommen des Schl\u00fcssels schuldet der Mieter einen Betrag von 100 \u20ac.<\/li>\n\n\n\n<li>Alle Kosten, die dadurch entstehen, dass Sie das Objekt nicht rechtzeitig abliefern, werden von Ihnen zur\u00fcckgefordert. Waren, die nach Ihrer Abreise gefunden werden, werden f\u00fcr einen angemessenen Zeitraum f\u00fcr Sie aufbewahrt, aber wir \u00fcbernehmen keine Verantwortung f\u00fcr sie. Postversand ist m\u00f6glich (auf Ihre Kosten).<\/li>\n\n\n\n<li>Wenn sich der Mieter und\/oder andere Nutzer aus dem Ferienhaus ausgesperrt haben, werden daf\u00fcr 25,00 \u20ac berechnet. Diese wird von der R\u00fcckerstattung der Kaution abgezogen. Zur \u00dcberpr\u00fcfung bitten wir den Mieter, sich vor der Aush\u00e4ndigung des Nachschl\u00fcssels zu identifizieren.<\/li>\n<\/ol>\n\n<h3 class=\"wp-block-heading\">Stornierung<\/h3>\n\n<p>Die Stornierung durch den Mieter muss immer schriftlich erfolgen (per Post oder E-Mail). Hierf\u00fcr gelten die folgenden Regeln:<\/p>\n\n<ul class=\"wp-block-list\">\n<li>Die Anzahlung wird im Falle einer Stornierung nicht zur\u00fcckerstattet.<\/li>\n\n\n\n<li>Bei einer Stornierung bis zu 42 Tage vor dem Anreisetag werden 25 % des Mietpreises berechnet.<\/li>\n\n\n\n<li>Bei einer Stornierung bis zu 28 Tagen vor dem Anreisetag werden 50% des Mietpreises berechnet<\/li>\n\n\n\n<li>Bei einer Stornierung innerhalb von 28 Tagen vor dem Anreisetag werden 100% des Mietpreises f\u00e4llig.<\/li>\n\n\n\n<li>Wenn Sie nicht innerhalb von 24 Stunden nach dem vereinbarten Termin ohne weitere Benachrichtigung ankommen, wird dies als Stornierung betrachtet und 100% des Mietpreises werden f\u00e4llig.<\/li>\n\n\n\n<li>Im Falle einer Stornierung unsererseits werden bereits gezahlte Betr\u00e4ge zur\u00fcckerstattet.<\/li>\n<\/ul>\n\n<h3 class=\"wp-block-heading\">\u00dcbernachtung im Ferienhaus<\/h3>\n\n<ul class=\"wp-block-list\">\n<li>Am Anreisetag k\u00f6nnen Sie das Ferienhaus im Prinzip ab 16:00 Uhr nutzen. Am Tag der Abreise m\u00fcssen Sie das Ferienhaus bis 11:00 Uhr verlassen haben.<\/li>\n\n\n\n<li>Das Ferienhaus ist ein Nichtraucherhaus. Das Rauchen ist drau\u00dfen auf der Terrasse erlaubt, sofern man einen Aschenbecher benutzt.<\/li>\n\n\n\n<li>Im Freien sollte kein offenes Feuer verwendet werden.<\/li>\n\n\n\n<li>Das Mitbringen von Haustieren ist nicht erlaubt.<\/li>\n\n\n\n<li>\u00a0<\/li>\n\n\n\n<li>Am Pool befindet sich ein Schild mit den Gemeinschaftsregeln f\u00fcr die Nutzung des Gemeinschaftspools.<\/li>\n\n\n\n<li>Die wichtigsten Regeln f\u00fcr den Pool sind: ge\u00f6ffnet zwischen 09.00 und 21.00 Uhr, keine Gl\u00e4ser und Essen im Poolbereich erlaubt<\/li>\n\n\n\n<li>Die Endreinigung ist nicht im Mietpreis inbegriffen (Sie zahlen diese bei Ihrer Ankunft an den Schl\u00fcsselverwalter).<\/li>\n\n\n\n<li>Handt\u00fccher, K\u00fcchenhandt\u00fccher und Bettw\u00e4sche sind im Mietpreis enthalten.<\/li>\n\n\n\n<li>Die Nutzung von Klimaanlage, Wasser und Strom ist inbegriffen, aber wir bitten Sie, sparsam damit umzugehen.<\/li>\n\n\n\n<li>Die Untervermietung oder Weitervermietung ist ausdr\u00fccklich verboten.<\/li>\n\n\n\n<li>Der Aufenthalt von mehr Personen in einem Ferienhaus als bei der Reservierung vereinbart oder mehr als die f\u00fcr das Haus geltende H\u00f6chstzahl von 6 Personen ist ohne unsere Zustimmung ausdr\u00fccklich nicht gestattet, es sei denn, es wurde schriftlich etwas anderes vereinbart. Dies kann zu einer vorzeitigen Beendigung des Mietvertrags unsererseits f\u00fchren, ohne dass der Mietpreis erstattet wird.<\/li>\n\n\n\n<li>Es ist ausdr\u00fccklich nicht gestattet, Sofas, Schr\u00e4nke, Ton- oder Fernsehger\u00e4te zu verschieben oder Teile des Inneninventars &#8211; au\u00dfer nat\u00fcrlich Geschirr, Gl\u00e4ser und Besteck f\u00fcr die Mahlzeiten im Freien &#8211; mitzunehmen.<\/li>\n<\/ul>\n\n<h3 class=\"wp-block-heading\">Haftung\/ Beschwerden\/ Schadenersatz<\/h3>\n\n<ol class=\"wp-block-list\">\n<li>Der Mieter und die anderen Nutzer haften w\u00e4hrend des betreffenden Mietzeitraums in der gemieteten Ferienwohnung in vollem Umfang f\u00fcr alle Sch\u00e4den, die am Haus, am Inventar und an allen zum Mietobjekt geh\u00f6renden Gegenst\u00e4nden verursacht werden, es sei denn, der Mieter und die anderen Nutzer k\u00f6nnen glaubhaft machen, dass der Schaden nicht auf sie zur\u00fcckzuf\u00fchren ist. Wir empfehlen Ihnen daher, das Ferienhaus und das Inventar bei Ihrer Ankunft sorgf\u00e4ltig auf M\u00e4ngel und Unzul\u00e4nglichkeiten zu \u00fcberpr\u00fcfen. Sollten Sie Sch\u00e4den oder M\u00e4ngel feststellen, melden Sie uns diese bitte umgehend.<\/li>\n\n\n\n<li>Wir \u00fcbernehmen keine Haftung f\u00fcr Diebstahl, Verlust oder Sch\u00e4den jeglicher Art an Eigentum oder Personen w\u00e4hrend oder als Folge des Aufenthalts im Ferienhaus. Wir \u00fcbernehmen keine Haftung f\u00fcr Bel\u00e4stigungen, die durch Bauarbeiten auf den Zufahrts- und Hauptstra\u00dfen und in der unmittelbaren Umgebung des gemieteten Ferienhauses entstehen, da diese au\u00dferhalb unserer Kontrolle liegen. Wir \u00fcbernehmen keine Haftung f\u00fcr den Ausfall oder die St\u00f6rung von technischen Ger\u00e4ten, Versorgungseinrichtungen, das Nichtfunktionieren oder das teilweise Nichtfunktionieren des Internets.<\/li>\n\n\n\n<li>Die Kosten f\u00fcr die normale Wartung und die Behebung von M\u00e4ngeln werden von uns getragen. Bei Auftreten von M\u00e4ngeln hat der Mieter uns unverz\u00fcglich zu benachrichtigen und unsere Anweisungen so weit wie m\u00f6glich zu befolgen. Die dem Mieter in diesem Zusammenhang entstandenen Kosten werden von uns gegen Vorlage von Einzelverbindungsnachweisen an den Mieter zur\u00fcckerstattet.<\/li>\n\n\n\n<li>Das Ferienhaus verf\u00fcgt \u00fcber einen (drahtlosen) Internetanschluss, der vom Mieter genutzt werden kann. Der Mieter ist f\u00fcr seine eigene Internetnutzung verantwortlich und haftbar, und wenn Bu\u00dfgelder verh\u00e4ngt werden (z. B. f\u00fcr illegales Streaming), werden diese an den Mieter weitergegeben. Die pers\u00f6nlichen Daten des Mieters\/T\u00e4ters werden auf Anfrage der Beh\u00f6rden\/Urheberrechtsinhaber weitergegeben. Alle Kosten, die dem Vermieter im Zusammenhang mit einem solchen Versto\u00df entstehen, werden vom Mieter zur\u00fcckgefordert.<\/li>\n\n\n\n<li>Sollten Sie eine Beschwerde einreichen wollen, muss diese innerhalb von 14 Tagen nach Verlassen des Ferienhauses schriftlich und unter Angabe von Gr\u00fcnden bei uns eingereicht werden.<\/li>\n<\/ol>\n\n<h3 class=\"wp-block-heading\">Abreise und Endreinigung<\/h3>\n\n<p>Auch in Spanien wird M\u00fclltrennung betrieben. Der Mieter muss die auf den Abfallbeh\u00e4ltern angegebene M\u00fclltrennung sicherstellen. Diese befinden sich etwa 50 Meter vom Haupteingang entfernt. Das Ferienhaus sollte wie folgt verlassen werden:<\/p>\n\n<ul class=\"wp-block-list\">\n<li>Das Haus besenrein verlassen<\/li>\n\n\n\n<li>Alles sauber gewaschen, getrocknet und wieder in die Schr\u00e4nke gestellt<\/li>\n\n\n\n<li>Bettbez\u00fcge und Bettw\u00e4sche bei der Treppe im Erdgeschoss<\/li>\n\n\n\n<li>Geschirrsp\u00fcler und K\u00fchlschrank sauber und leer zu hinterlassen<\/li>\n\n\n\n<li>Lassen Sie keine (verderblichen) Lebensmittel in den Schr\u00e4nken. Es ist in Ordnung, l\u00e4nger haltbare Dinge f\u00fcr nachfolgende G\u00e4ste zur\u00fcckzulassen, oft ist eine Basis bereits mit Kaffee, Tee, Zucker, Pfeffer und Salz ausgestattet.<\/li>\n\n\n\n<li>Bitte legen Sie die Gartenkissen hinein<\/li>\n\n\n\n<li>Die M\u00fclleimer werden geleert<\/li>\n\n\n\n<li>Melden Sie jeden Bruch und\/oder Schaden dem Vermieter oder dem Schl\u00fcsselverwalter.<\/li>\n<\/ul>\n\n<h3 class=\"wp-block-heading\">Anwendbares Recht<\/h3>\n\n<p>F\u00fcr alle diese Bedingungen und Bestimmungen des Mietvertrags\/der Hausordnung sowie f\u00fcr alle sich daraus ergebenden Streitigkeiten gilt ausschlie\u00dflich das niederl\u00e4ndische Recht.<\/p>\n","protected":false},"excerpt":{"rendered":"<p>Mietbedingungen Buchung Zahlung Einzahlung Entgegennahme des Schl\u00fcssels Stornierung Die Stornierung durch den Mieter muss immer schriftlich erfolgen (per Post oder E-Mail). Hierf\u00fcr gelten die folgenden Regeln: \u00dcbernachtung im Ferienhaus Haftung\/ Beschwerden\/ Schadenersatz Abreise und Endreinigung Auch in Spanien wird M\u00fclltrennung betrieben. Der Mieter muss die auf den Abfallbeh\u00e4ltern angegebene M\u00fclltrennung sicherstellen. Diese befinden sich etwa [&hellip;]<\/p>\n","protected":false},"author":1,"featured_media":0,"parent":0,"menu_order":0,"comment_status":"closed","ping_status":"closed","template":"","meta":{"inline_featured_image":false,"footnotes":""},"class_list":["post-8786","page","type-page","status-publish","hentry"],"_links":{"self":[{"href":"https:\/\/lafragata.visitestepona.eu\/de\/wp-json\/wp\/v2\/pages\/8786","targetHints":{"allow":["GET"]}}],"collection":[{"href":"https:\/\/lafragata.visitestepona.eu\/de\/wp-json\/wp\/v2\/pages"}],"about":[{"href":"https:\/\/lafragata.visitestepona.eu\/de\/wp-json\/wp\/v2\/types\/page"}],"author":[{"embeddable":true,"href":"https:\/\/lafragata.visitestepona.eu\/de\/wp-json\/wp\/v2\/users\/1"}],"replies":[{"embeddable":true,"href":"https:\/\/lafragata.visitestepona.eu\/de\/wp-json\/wp\/v2\/comments?post=8786"}],"version-history":[{"count":1,"href":"https:\/\/lafragata.visitestepona.eu\/de\/wp-json\/wp\/v2\/pages\/8786\/revisions"}],"predecessor-version":[{"id":8787,"href":"https:\/\/lafragata.visitestepona.eu\/de\/wp-json\/wp\/v2\/pages\/8786\/revisions\/8787"}],"wp:attachment":[{"href":"https:\/\/lafragata.visitestepona.eu\/de\/wp-json\/wp\/v2\/media?parent=8786"}],"curies":[{"name":"wp","href":"https:\/\/api.w.org\/{rel}","templated":true}]}}