{"id":8776,"date":"2023-01-03T14:32:18","date_gmt":"2023-01-03T14:32:18","guid":{"rendered":"https:\/\/lafragata.visitestepona.eu\/ueber-uns\/"},"modified":"2024-05-18T14:34:08","modified_gmt":"2024-05-18T14:34:08","slug":"ueber-uns","status":"publish","type":"page","link":"https:\/\/lafragata.visitestepona.eu\/de\/ueber-uns\/","title":{"rendered":"\u00dcber uns"},"content":{"rendered":"\n<p>Wir haben den perfekten Ort f\u00fcr 2019 gefunden. Der ideale Urlaubsort, aber auch ein 2. Zuhause f\u00fcr l\u00e4ngere Zeit. Ein Haus in Spanien. Hier halten wir uns im Fr\u00fchjahr und Herbst oft auf. Dank des Glasfaser-Internets k\u00f6nnen wir online arbeiten und uns keinen Moment langweilen. Wenn wir nicht da sind, k\u00f6nnen Sie unsere ger\u00e4umige Wohnung mit bis zu 6 Personen mieten und sie genauso genie\u00dfen wie wir! Entdecken Sie Estepona und die Region Andalusien, es wird nie langweilig.<\/p>\n\n        <div class=\"wp-block-getwid-post-slider custom-post-type-post has-arrows-inside has-dots-inside\">\n            <div data-slider-option=\"{&quot;getwid_fade_effect&quot;:&quot;slide&quot;,&quot;getwid_autoplay&quot;:false,&quot;getwid_pause_on_hover&quot;:false,&quot;getwid_autoplay_speed&quot;:6000,&quot;getwid_infinite&quot;:true,&quot;getwid_animation_speed&quot;:800,&quot;getwid_arrows&quot;:&quot;inside&quot;,&quot;getwid_dots&quot;:&quot;inside&quot;}\" class=\"wp-block-getwid-post-slider__content\">\n                \t\t\t\t\t\t\t<div class=\"wp-block-getwid-post-slider__slide\" style=\"\">\n\t\t\t\t\t\t\t\t\n<div class=\"wp-block-getwid-post-slider__post \">\n            <div class=\"wp-block-getwid-post-slider__post-thumbnail\">\n            <img loading=\"lazy\" decoding=\"async\" width=\"1\" height=\"1\" src=\"https:\/\/lafragata.visitestepona.eu\/wp-content\/uploads\/2023\/07\/IMG_0749-1.jpg\" class=\"attachment-post-thumbnail size-post-thumbnail wp-post-image\" alt=\"\" title=\"\">        <\/div>\n        <div class=\"wp-block-getwid-post-slider__post-overlay \"><\/div>\n    <div class=\"wp-block-getwid-post-slider__post-content-wrapper\">\n        <h3 class=\"wp-block-getwid-post-slider__post-title\"><a href=\"https:\/\/lafragata.visitestepona.eu\/de\/neue-aussenmoebel-la-fragata\/\">Neue Au\u00dfenm\u00f6bel und Liegest\u00fchle am Pool La Fragata<\/a><\/h3>        <div class=\"wp-block-getwid-post-slider__post-excerpt\"><p>La Fragata ist eine geschlossene und sichere Gemeinschaft mit einem gro\u00dfen Pool. Umgeben von den wichtigsten Touristenattraktionen und in der N\u00e4he des Hafens von Estepona, Str\u00e4nde, Restaurants, Tapas-Bars, Gesch\u00e4fte, Superm\u00e4rkte, alles ohne ein Auto zu ben\u00f6tigen. Aktualisierung im Jahr 2023 im La Fragata-Komplex:In dem sch\u00f6nen tropischen Garten von La Fragata stehen mehrere feste Sonnenschirme. Es [&hellip;]<\/p>\n<\/div>\n    <\/div>\n<\/div>\n\t\t\t\t\t\t\t<\/div>\n\t\t\t\t\t\t            <\/div>\n        <\/div>\n        \n<p><em><a href=\"https:\/\/www.instagram.com\/visitestepona\/\" target=\"_blank\" rel=\"noopener\">Folgen Sie uns auf Instagram<\/a><\/em><\/p>\n","protected":false},"excerpt":{"rendered":"<p>Wir haben den perfekten Ort f\u00fcr 2019 gefunden. Der ideale Urlaubsort, aber auch ein 2. Zuhause f\u00fcr l\u00e4ngere Zeit. Ein Haus in Spanien. Hier halten wir uns im Fr\u00fchjahr und Herbst oft auf.  <\/p>\n","protected":false},"author":1,"featured_media":8711,"parent":0,"menu_order":0,"comment_status":"closed","ping_status":"open","template":"","meta":{"inline_featured_image":false,"footnotes":""},"class_list":["post-8776","page","type-page","status-publish","has-post-thumbnail","hentry"],"_links":{"self":[{"href":"https:\/\/lafragata.visitestepona.eu\/de\/wp-json\/wp\/v2\/pages\/8776","targetHints":{"allow":["GET"]}}],"collection":[{"href":"https:\/\/lafragata.visitestepona.eu\/de\/wp-json\/wp\/v2\/pages"}],"about":[{"href":"https:\/\/lafragata.visitestepona.eu\/de\/wp-json\/wp\/v2\/types\/page"}],"author":[{"embeddable":true,"href":"https:\/\/lafragata.visitestepona.eu\/de\/wp-json\/wp\/v2\/users\/1"}],"replies":[{"embeddable":true,"href":"https:\/\/lafragata.visitestepona.eu\/de\/wp-json\/wp\/v2\/comments?post=8776"}],"version-history":[{"count":3,"href":"https:\/\/lafragata.visitestepona.eu\/de\/wp-json\/wp\/v2\/pages\/8776\/revisions"}],"predecessor-version":[{"id":9548,"href":"https:\/\/lafragata.visitestepona.eu\/de\/wp-json\/wp\/v2\/pages\/8776\/revisions\/9548"}],"wp:featuredmedia":[{"embeddable":true,"href":"https:\/\/lafragata.visitestepona.eu\/de\/wp-json\/wp\/v2\/media\/8711"}],"wp:attachment":[{"href":"https:\/\/lafragata.visitestepona.eu\/de\/wp-json\/wp\/v2\/media?parent=8776"}],"curies":[{"name":"wp","href":"https:\/\/api.w.org\/{rel}","templated":true}]}}